{"id":170,"date":"2021-01-02T09:35:46","date_gmt":"2021-01-02T09:35:46","guid":{"rendered":"https:\/\/christiansenconsulting.dk\/?page_id=170"},"modified":"2021-05-01T09:47:13","modified_gmt":"2021-05-01T09:47:13","slug":"gode-raad","status":"publish","type":"page","link":"https:\/\/christiansenconsulting.dk\/?page_id=170","title":{"rendered":"Gode r\u00e5d og videndeling"},"content":{"rendered":"\n<p>Her kan du finde gode r\u00e5d til dig som selvst\u00e6ndig eller mindre virksomhed.<\/p>\n\n\n\n<p>Du kan l\u00e6se om:<br>&#8211; <a href=\"https:\/\/christiansenconsulting.dk\/?page_id=172\">Basale \u00f8konomir\u00e5d<\/a><br>&#8211; <a href=\"https:\/\/christiansenconsulting.dk\/?page_id=176\">Den sv\u00e6re samtale<\/a><br>&#8211; <a href=\"https:\/\/christiansenconsulting.dk\/?page_id=174\">Ekspansion til Tyskland<\/a><br>&#8211; <a href=\"https:\/\/christiansenconsulting.dk\/?page_id=397\">Opstart som selvst\u00e6ndig<\/a><br>&#8211; <a href=\"https:\/\/christiansenconsulting.dk\/?page_id=448\">Kunde- og medarbejdertilfredshed<\/a><\/p>\n\n\n\n<p>  <\/p>\n","protected":false},"excerpt":{"rendered":"<p>Her kan du finde gode r\u00e5d til dig som selvst\u00e6ndig eller mindre virksomhed. Du kan l\u00e6se om:&#8211; Basale \u00f8konomir\u00e5d&#8211; Den sv\u00e6re samtale&#8211; Ekspansion til Tyskland&#8211; Opstart som selvst\u00e6ndig&#8211; Kunde- og medarbejdertilfredshed<\/p>\n","protected":false},"author":1,"featured_media":0,"parent":0,"menu_order":10,"comment_status":"closed","ping_status":"closed","template":"","meta":{"footnotes":""},"class_list":["post-170","page","type-page","status-publish","hentry"],"_links":{"self":[{"href":"https:\/\/christiansenconsulting.dk\/index.php?rest_route=\/wp\/v2\/pages\/170"}],"collection":[{"href":"https:\/\/christiansenconsulting.dk\/index.php?rest_route=\/wp\/v2\/pages"}],"about":[{"href":"https:\/\/christiansenconsulting.dk\/index.php?rest_route=\/wp\/v2\/types\/page"}],"author":[{"embeddable":true,"href":"https:\/\/christiansenconsulting.dk\/index.php?rest_route=\/wp\/v2\/users\/1"}],"replies":[{"embeddable":true,"href":"https:\/\/christiansenconsulting.dk\/index.php?rest_route=%2Fwp%2Fv2%2Fcomments&post=170"}],"version-history":[{"count":8,"href":"https:\/\/christiansenconsulting.dk\/index.php?rest_route=\/wp\/v2\/pages\/170\/revisions"}],"predecessor-version":[{"id":456,"href":"https:\/\/christiansenconsulting.dk\/index.php?rest_route=\/wp\/v2\/pages\/170\/revisions\/456"}],"wp:attachment":[{"href":"https:\/\/christiansenconsulting.dk\/index.php?rest_route=%2Fwp%2Fv2%2Fmedia&parent=170"}],"curies":[{"name":"wp","href":"https:\/\/api.w.org\/{rel}","templated":true}]}}