{"id":176,"date":"2021-01-02T09:37:40","date_gmt":"2021-01-02T09:37:40","guid":{"rendered":"https:\/\/christiansenconsulting.dk\/?page_id=176"},"modified":"2022-01-26T14:57:40","modified_gmt":"2022-01-26T14:57:40","slug":"den-svaere-samtale","status":"publish","type":"page","link":"https:\/\/christiansenconsulting.dk\/?page_id=176","title":{"rendered":"Den sv\u00e6re samtale"},"content":{"rendered":"\n<p><strong>St\u00e5r du i en&nbsp;situation&nbsp;hvor den sv\u00e6re samtale&nbsp;er en realitet kommer her 5 gode&nbsp;r\u00e5d:&nbsp;<\/strong><\/p>\n\n\n\n<ul class=\"wp-block-list\"><li>V\u00e6r&nbsp;godt forberedt&nbsp;<\/li><li>V\u00e6r konkret&nbsp;over for&nbsp;din medarbejder&nbsp;<\/li><li>Anvend eksempler&nbsp;over for&nbsp;din medarbejder, dette skaber bedre forst\u00e5else&nbsp;<\/li><li>Forventer du en \u00e6ndret adf\u00e6rd hos din medarbejder, v\u00e6r da klar i din kommunikation&nbsp;<\/li><li>Til slut skal du sikre dig at budskabet er forst\u00e5et og hvad&nbsp;next&nbsp;step er&nbsp;<\/li><\/ul>\n\n\n\n<p>Vi har god erfaring i gennemf\u00f8relse af den sv\u00e6re samtale. \u00d8nsker du hj\u00e6lp til gennemf\u00f8relse af samtalen, s\u00e5 t\u00f8v ikke med at kontakte os.\u00a0\u00a0<\/p>\n\n\n\n<p><\/p>\n","protected":false},"excerpt":{"rendered":"<p>St\u00e5r du i en&nbsp;situation&nbsp;hvor den sv\u00e6re samtale&nbsp;er en realitet kommer her 5 gode&nbsp;r\u00e5d:&nbsp; V\u00e6r&nbsp;godt forberedt&nbsp; V\u00e6r konkret&nbsp;over for&nbsp;din medarbejder&nbsp; Anvend eksempler&nbsp;over for&nbsp;din medarbejder, dette skaber bedre forst\u00e5else&nbsp; Forventer du en \u00e6ndret adf\u00e6rd hos din medarbejder, v\u00e6r da klar i din kommunikation&nbsp; Til slut skal du sikre dig at budskabet er forst\u00e5et og hvad&nbsp;next&nbsp;step er&nbsp; Vi &hellip;<\/p>\n<p class=\"read-more\"> <a class=\"\" href=\"https:\/\/christiansenconsulting.dk\/?page_id=176\"> <span class=\"screen-reader-text\">Den sv\u00e6re samtale<\/span> L\u00e6s mere &raquo;<\/a><\/p>\n","protected":false},"author":1,"featured_media":0,"parent":170,"menu_order":0,"comment_status":"closed","ping_status":"closed","template":"","meta":{"footnotes":""},"class_list":["post-176","page","type-page","status-publish","hentry"],"_links":{"self":[{"href":"https:\/\/christiansenconsulting.dk\/index.php?rest_route=\/wp\/v2\/pages\/176"}],"collection":[{"href":"https:\/\/christiansenconsulting.dk\/index.php?rest_route=\/wp\/v2\/pages"}],"about":[{"href":"https:\/\/christiansenconsulting.dk\/index.php?rest_route=\/wp\/v2\/types\/page"}],"author":[{"embeddable":true,"href":"https:\/\/christiansenconsulting.dk\/index.php?rest_route=\/wp\/v2\/users\/1"}],"replies":[{"embeddable":true,"href":"https:\/\/christiansenconsulting.dk\/index.php?rest_route=%2Fwp%2Fv2%2Fcomments&post=176"}],"version-history":[{"count":3,"href":"https:\/\/christiansenconsulting.dk\/index.php?rest_route=\/wp\/v2\/pages\/176\/revisions"}],"predecessor-version":[{"id":528,"href":"https:\/\/christiansenconsulting.dk\/index.php?rest_route=\/wp\/v2\/pages\/176\/revisions\/528"}],"up":[{"embeddable":true,"href":"https:\/\/christiansenconsulting.dk\/index.php?rest_route=\/wp\/v2\/pages\/170"}],"wp:attachment":[{"href":"https:\/\/christiansenconsulting.dk\/index.php?rest_route=%2Fwp%2Fv2%2Fmedia&parent=176"}],"curies":[{"name":"wp","href":"https:\/\/api.w.org\/{rel}","templated":true}]}}