{"id":21,"date":"2021-01-01T14:23:11","date_gmt":"2021-01-01T14:23:11","guid":{"rendered":"https:\/\/christiansenconsulting.dk\/?page_id=21"},"modified":"2022-01-26T14:48:48","modified_gmt":"2022-01-26T14:48:48","slug":"om-os","status":"publish","type":"page","link":"https:\/\/christiansenconsulting.dk\/?page_id=21","title":{"rendered":"Bag om CC"},"content":{"rendered":"\n<p>Her kan du l\u00e6se mere om min baggrund, og hvordan min rejse med Christiansen Consulting startede:<\/p>\n\n\n<ul>\n<li><a href=\"https:\/\/christiansenconsulting.dk\/?page_id=422\">Om Johan<\/a><\/li>\n<li><a href=\"https:\/\/christiansenconsulting.dk\/?page_id=510\">Om Anne Marie<\/a><\/li>\n<li><a href=\"https:\/\/christiansenconsulting.dk\/?page_id=424\">Om Christiansen Consulting<\/a><\/li>\n<\/ul>\n\n\n<p>Du kan ogs\u00e5 l\u00e6se mine gode r\u00e5d om at blive selvst\u00e6ndig <a href=\"https:\/\/christiansenconsulting.dk\/?page_id=397\">her<\/a>.<\/p>\n\n\n\n<p> <\/p>\n\n\n\n<p><\/p>\n","protected":false},"excerpt":{"rendered":"<p>Her kan du l\u00e6se mere om min baggrund, og hvordan min rejse med Christiansen Consulting startede: Om Johan Om Anne Marie Om Christiansen Consulting Du kan ogs\u00e5 l\u00e6se mine gode r\u00e5d om at blive selvst\u00e6ndig her.<\/p>\n","protected":false},"author":1,"featured_media":0,"parent":0,"menu_order":2,"comment_status":"closed","ping_status":"closed","template":"","meta":{"footnotes":""},"class_list":["post-21","page","type-page","status-publish","hentry"],"_links":{"self":[{"href":"https:\/\/christiansenconsulting.dk\/index.php?rest_route=\/wp\/v2\/pages\/21"}],"collection":[{"href":"https:\/\/christiansenconsulting.dk\/index.php?rest_route=\/wp\/v2\/pages"}],"about":[{"href":"https:\/\/christiansenconsulting.dk\/index.php?rest_route=\/wp\/v2\/types\/page"}],"author":[{"embeddable":true,"href":"https:\/\/christiansenconsulting.dk\/index.php?rest_route=\/wp\/v2\/users\/1"}],"replies":[{"embeddable":true,"href":"https:\/\/christiansenconsulting.dk\/index.php?rest_route=%2Fwp%2Fv2%2Fcomments&post=21"}],"version-history":[{"count":23,"href":"https:\/\/christiansenconsulting.dk\/index.php?rest_route=\/wp\/v2\/pages\/21\/revisions"}],"predecessor-version":[{"id":512,"href":"https:\/\/christiansenconsulting.dk\/index.php?rest_route=\/wp\/v2\/pages\/21\/revisions\/512"}],"wp:attachment":[{"href":"https:\/\/christiansenconsulting.dk\/index.php?rest_route=%2Fwp%2Fv2%2Fmedia&parent=21"}],"curies":[{"name":"wp","href":"https:\/\/api.w.org\/{rel}","templated":true}]}}