{"id":27,"date":"2021-01-01T14:27:36","date_gmt":"2021-01-01T14:27:36","guid":{"rendered":"https:\/\/christiansenconsulting.dk\/?page_id=27"},"modified":"2022-01-26T15:01:47","modified_gmt":"2022-01-26T15:01:47","slug":"forside","status":"publish","type":"page","link":"https:\/\/christiansenconsulting.dk\/","title":{"rendered":"Velkommen"},"content":{"rendered":"\n<p>\u00d8nsker du sparring og udvikling af din virksomhed? S\u00e5 bliv her p\u00e5 siden og l\u00e6s videre.<\/p>\n\n\n\n<figure class=\"wp-block-image size-large is-resized\"><img loading=\"lazy\" decoding=\"async\" src=\"https:\/\/christiansenconsulting.dk\/wp-content\/uploads\/2022\/01\/CC-billede-1024x683.jpg\" alt=\"\" class=\"wp-image-500\" width=\"251\" height=\"168\" srcset=\"https:\/\/christiansenconsulting.dk\/wp-content\/uploads\/2022\/01\/CC-billede-1024x683.jpg 1024w, https:\/\/christiansenconsulting.dk\/wp-content\/uploads\/2022\/01\/CC-billede-300x200.jpg 300w, https:\/\/christiansenconsulting.dk\/wp-content\/uploads\/2022\/01\/CC-billede-768x512.jpg 768w, https:\/\/christiansenconsulting.dk\/wp-content\/uploads\/2022\/01\/CC-billede-1536x1024.jpg 1536w, https:\/\/christiansenconsulting.dk\/wp-content\/uploads\/2022\/01\/CC-billede-2048x1365.jpg 2048w\" sizes=\"(max-width: 251px) 100vw, 251px\" \/><\/figure>\n\n\n\n<p>Vi underst\u00f8tter hele din virksomhed med alt fra l\u00f8sning af daglige driftsopgaver til ledelse og strategisk planl\u00e6gning\u200b. Vi tilbyder et varieret udbud af ydelser, der skaber v\u00e6rdi og frig\u00f8r tid i den daglige drift\u200b. Derudover st\u00e5r vi til r\u00e5dighed for sparring og udvikling for virksomheder der er i Tyskland eller \u00f8nsker at indtage det tyske marked.<br><br>Vi tilbyder altid et uforpligtende og gratis m\u00f8de, hvor vi kan dr\u00f8fte dine behov og afstemme forventninger.<\/p>\n\n\n<p><strong>Vi tilpasser os din virksomheds behov og kan eksempelvis assistere med:<\/strong><\/p>\n<p><a href=\"https:\/\/christiansenconsulting.dk\/?page_id=85\"><strong>Basal drift<\/strong><\/a><\/p>\n<ul>\n<li>Basale \u00f8konomi\/bogholderiopgaver til fast m\u00e5nedlig ydelse<\/li>\n<li>Hj\u00e6lp til faste administrative arbejdsopgaver og derved skabe mere tid til salg og forretningsudvikling<\/li>\n<li>Fleksibel arbejdskraft tilpasset virksomhedens behov<\/li>\n<\/ul>\n<p><a href=\"https:\/\/christiansenconsulting.dk\/?page_id=87\"><strong>Ledelse<\/strong><\/a><\/p>\n<ul>\n<li>Turnaround af virksomhed for at finde nye veje og muligheder<\/li>\n<li>Udvikling af medarbejdere p\u00e5 b\u00e5de bl\u00f8de og h\u00e5rde v\u00e6rdier<\/li>\n<li>Oms\u00e6tning af ord til handling s\u00e5 alle arbejder mod samme m\u00e5l<\/li>\n<\/ul>\n<p><a href=\"https:\/\/christiansenconsulting.dk\/?page_id=87\"><strong>Sparring<\/strong><\/a><\/p>\n<ul>\n<li>Sparring der sikrer udnyttelse af alle ressourcer og derved l\u00f8fter din virksomhed<\/li>\n<li>Udarbejdelse af virksomheds- og rentabilitetsanalyser p\u00e5 detailniveau<\/li>\n<li>Udvikling af medarbejdere, eksempelvis inden for salg<\/li>\n<\/ul>\n<p><a href=\"https:\/\/christiansenconsulting.dk\/?page_id=89\"><strong>Strategi<\/strong><\/a><\/p>\n<ul>\n<li>Planl\u00e6gning af strategi der er struktureret, gennemsigtig og praktisk&nbsp; &nbsp;<\/li>\n<li>Udvikling af forretningsomr\u00e5der p\u00e5 baggrund af en analyse af virksomhedens udfordringer<\/li>\n<li>Udvikling af struktur og organisatorisk overblik i virksomheden<\/li>\n<\/ul>\n<p>L\u00e6s mere om, hvad vi hj\u00e6lper med <strong><a href=\"https:\/\/christiansenconsulting.dk\/?page_id=37\">her<\/a><\/strong><\/p>\n\n\n<p class=\"has-text-align-center has-vivid-red-color has-text-color\">Bogf\u00f8ring | Regnskab | Ledelse | Samtaler | Virksomhedsanalyse | Salg og coaching | Strategi<\/p>\n\n\n\n<figure class=\"wp-block-gallery aligncenter columns-1 is-cropped wp-block-gallery-1 is-layout-flex wp-block-gallery-is-layout-flex\"><ul class=\"blocks-gallery-grid\"><li class=\"blocks-gallery-item\"><figure><img loading=\"lazy\" decoding=\"async\" width=\"1024\" height=\"235\" src=\"https:\/\/christiansenconsulting.dk\/wp-content\/uploads\/2021\/01\/Picture1-2-1024x235.png\" alt=\"\" data-id=\"79\" data-full-url=\"https:\/\/christiansenconsulting.dk\/wp-content\/uploads\/2021\/01\/Picture1-2.png\" data-link=\"https:\/\/christiansenconsulting.dk\/?attachment_id=79\" class=\"wp-image-79\" srcset=\"https:\/\/christiansenconsulting.dk\/wp-content\/uploads\/2021\/01\/Picture1-2-1024x235.png 1024w, https:\/\/christiansenconsulting.dk\/wp-content\/uploads\/2021\/01\/Picture1-2-300x69.png 300w, https:\/\/christiansenconsulting.dk\/wp-content\/uploads\/2021\/01\/Picture1-2-768x176.png 768w, https:\/\/christiansenconsulting.dk\/wp-content\/uploads\/2021\/01\/Picture1-2-1536x352.png 1536w, https:\/\/christiansenconsulting.dk\/wp-content\/uploads\/2021\/01\/Picture1-2.png 2003w\" sizes=\"(max-width: 1024px) 100vw, 1024px\" \/><\/figure><\/li><\/ul><\/figure>\n\n\n\n<p>     <\/p>\n\n\n\n<p><\/p>\n","protected":false},"excerpt":{"rendered":"<p>\u00d8nsker du sparring og udvikling af din virksomhed? S\u00e5 bliv her p\u00e5 siden og l\u00e6s videre. Vi underst\u00f8tter hele din virksomhed med alt fra l\u00f8sning af daglige driftsopgaver til ledelse og strategisk planl\u00e6gning\u200b. Vi tilbyder et varieret udbud af ydelser, der skaber v\u00e6rdi og frig\u00f8r tid i den daglige drift\u200b. Derudover st\u00e5r vi til r\u00e5dighed &hellip;<\/p>\n<p class=\"read-more\"> <a class=\"\" href=\"https:\/\/christiansenconsulting.dk\/\"> <span class=\"screen-reader-text\">Velkommen<\/span> L\u00e6s mere &raquo;<\/a><\/p>\n","protected":false},"author":1,"featured_media":0,"parent":0,"menu_order":1,"comment_status":"closed","ping_status":"closed","template":"","meta":{"footnotes":""},"class_list":["post-27","page","type-page","status-publish","hentry"],"_links":{"self":[{"href":"https:\/\/christiansenconsulting.dk\/index.php?rest_route=\/wp\/v2\/pages\/27"}],"collection":[{"href":"https:\/\/christiansenconsulting.dk\/index.php?rest_route=\/wp\/v2\/pages"}],"about":[{"href":"https:\/\/christiansenconsulting.dk\/index.php?rest_route=\/wp\/v2\/types\/page"}],"author":[{"embeddable":true,"href":"https:\/\/christiansenconsulting.dk\/index.php?rest_route=\/wp\/v2\/users\/1"}],"replies":[{"embeddable":true,"href":"https:\/\/christiansenconsulting.dk\/index.php?rest_route=%2Fwp%2Fv2%2Fcomments&post=27"}],"version-history":[{"count":59,"href":"https:\/\/christiansenconsulting.dk\/index.php?rest_route=\/wp\/v2\/pages\/27\/revisions"}],"predecessor-version":[{"id":533,"href":"https:\/\/christiansenconsulting.dk\/index.php?rest_route=\/wp\/v2\/pages\/27\/revisions\/533"}],"wp:attachment":[{"href":"https:\/\/christiansenconsulting.dk\/index.php?rest_route=%2Fwp%2Fv2%2Fmedia&parent=27"}],"curies":[{"name":"wp","href":"https:\/\/api.w.org\/{rel}","templated":true}]}}