{"id":37,"date":"2021-01-01T14:42:12","date_gmt":"2021-01-01T14:42:12","guid":{"rendered":"https:\/\/christiansenconsulting.dk\/?page_id=37"},"modified":"2022-01-26T14:49:41","modified_gmt":"2022-01-26T14:49:41","slug":"det-hjaelper-jeg-med","status":"publish","type":"page","link":"https:\/\/christiansenconsulting.dk\/?page_id=37","title":{"rendered":"Det hj\u00e6lper vi med"},"content":{"rendered":"\n<p>Vi tilbyder et varieret udbud af ydelser, der skaber v\u00e6rdi og frig\u00f8r tid i den daglige drift. <\/p>\n\n\n\n<p>Vi hj\u00e6lper bl.a. med <br><a href=\"https:\/\/christiansenconsulting.dk\/?page_id=85\">&#8211; Basal drift<\/a><br><a href=\"https:\/\/christiansenconsulting.dk\/?page_id=87\">&#8211; Ledelse<\/a><br><a href=\"https:\/\/christiansenconsulting.dk\/?page_id=91\">&#8211; Sparring<\/a><br>&#8211; <a href=\"https:\/\/christiansenconsulting.dk\/?page_id=89\">Strategi<\/a><\/p>\n\n\n\n<p><strong>Eksempel p\u00e5 forl\u00f8b for en virksomheds- og rentabilitetsanalyse:<\/strong><\/p>\n\n\n\n<figure class=\"wp-block-image size-large is-resized\"><img loading=\"lazy\" decoding=\"async\" src=\"https:\/\/christiansenconsulting.dk\/wp-content\/uploads\/2021\/01\/Forloeb-1024x140.jpg\" alt=\"\" class=\"wp-image-136\" width=\"863\" height=\"118\" srcset=\"https:\/\/christiansenconsulting.dk\/wp-content\/uploads\/2021\/01\/Forloeb-1024x140.jpg 1024w, https:\/\/christiansenconsulting.dk\/wp-content\/uploads\/2021\/01\/Forloeb-300x41.jpg 300w, https:\/\/christiansenconsulting.dk\/wp-content\/uploads\/2021\/01\/Forloeb-768x105.jpg 768w, https:\/\/christiansenconsulting.dk\/wp-content\/uploads\/2021\/01\/Forloeb-1536x210.jpg 1536w, https:\/\/christiansenconsulting.dk\/wp-content\/uploads\/2021\/01\/Forloeb.jpg 1558w\" sizes=\"(max-width: 863px) 100vw, 863px\" \/><\/figure>\n\n\n\n<p>Vil du h\u00f8re mere, s\u00e5 kan vi som altid tage en dr\u00f8ftelse og vi kommer gerne med et uforpligtende tilbud til lige netop din virksomhed. <\/p>\n\n\n\n<figure class=\"wp-block-image size-large is-resized\"><img loading=\"lazy\" decoding=\"async\" src=\"https:\/\/christiansenconsulting.dk\/wp-content\/uploads\/2021\/01\/Ydelser-1024x758.jpg\" alt=\"\" class=\"wp-image-126\" width=\"557\" height=\"412\" srcset=\"https:\/\/christiansenconsulting.dk\/wp-content\/uploads\/2021\/01\/Ydelser-1024x758.jpg 1024w, https:\/\/christiansenconsulting.dk\/wp-content\/uploads\/2021\/01\/Ydelser-300x222.jpg 300w, https:\/\/christiansenconsulting.dk\/wp-content\/uploads\/2021\/01\/Ydelser-768x569.jpg 768w, https:\/\/christiansenconsulting.dk\/wp-content\/uploads\/2021\/01\/Ydelser.jpg 1103w\" sizes=\"(max-width: 557px) 100vw, 557px\" \/><\/figure>\n","protected":false},"excerpt":{"rendered":"<p>Vi tilbyder et varieret udbud af ydelser, der skaber v\u00e6rdi og frig\u00f8r tid i den daglige drift. Vi hj\u00e6lper bl.a. med &#8211; Basal drift&#8211; Ledelse&#8211; Sparring&#8211; Strategi Eksempel p\u00e5 forl\u00f8b for en virksomheds- og rentabilitetsanalyse: Vil du h\u00f8re mere, s\u00e5 kan vi som altid tage en dr\u00f8ftelse og vi kommer gerne med et uforpligtende tilbud &hellip;<\/p>\n<p class=\"read-more\"> <a class=\"\" href=\"https:\/\/christiansenconsulting.dk\/?page_id=37\"> <span class=\"screen-reader-text\">Det hj\u00e6lper vi med<\/span> L\u00e6s mere &raquo;<\/a><\/p>\n","protected":false},"author":1,"featured_media":0,"parent":0,"menu_order":3,"comment_status":"closed","ping_status":"closed","template":"","meta":{"footnotes":""},"class_list":["post-37","page","type-page","status-publish","hentry"],"_links":{"self":[{"href":"https:\/\/christiansenconsulting.dk\/index.php?rest_route=\/wp\/v2\/pages\/37"}],"collection":[{"href":"https:\/\/christiansenconsulting.dk\/index.php?rest_route=\/wp\/v2\/pages"}],"about":[{"href":"https:\/\/christiansenconsulting.dk\/index.php?rest_route=\/wp\/v2\/types\/page"}],"author":[{"embeddable":true,"href":"https:\/\/christiansenconsulting.dk\/index.php?rest_route=\/wp\/v2\/users\/1"}],"replies":[{"embeddable":true,"href":"https:\/\/christiansenconsulting.dk\/index.php?rest_route=%2Fwp%2Fv2%2Fcomments&post=37"}],"version-history":[{"count":10,"href":"https:\/\/christiansenconsulting.dk\/index.php?rest_route=\/wp\/v2\/pages\/37\/revisions"}],"predecessor-version":[{"id":514,"href":"https:\/\/christiansenconsulting.dk\/index.php?rest_route=\/wp\/v2\/pages\/37\/revisions\/514"}],"wp:attachment":[{"href":"https:\/\/christiansenconsulting.dk\/index.php?rest_route=%2Fwp%2Fv2%2Fmedia&parent=37"}],"curies":[{"name":"wp","href":"https:\/\/api.w.org\/{rel}","templated":true}]}}