{"id":422,"date":"2021-04-03T07:02:00","date_gmt":"2021-04-03T07:02:00","guid":{"rendered":"https:\/\/christiansenconsulting.dk\/?page_id=422"},"modified":"2024-01-08T07:33:05","modified_gmt":"2024-01-08T07:33:05","slug":"om-johan","status":"publish","type":"page","link":"https:\/\/christiansenconsulting.dk\/?page_id=422","title":{"rendered":"Om Johan"},"content":{"rendered":"<p>Mit navn er Johan P. Christiansen. Jeg er s\u00f8nderjyde og kommer fra Aabenraa. Jeg har efter over 30 \u00e5r som l\u00f8nmodtager valgt at starte som selvst\u00e6ndig. Jeg har tidligere v\u00e6ret \u00f8konomichef i TDC, CFO i YouSee Flensborg og Head of Business Controlling i DF Automotive, Flensborg. Jeg vil nu bruge mine erfaringer inden for drift, ledelse og strategi til at r\u00e5dgive selvst\u00e6ndige og mindre virksomheder. St\u00e5r du eller din virksomhed og har brug for hj\u00e6lp eller r\u00e5dgivning inden for \u00f8konomi, regnskab, strategi eller ledelse, s\u00e5 ring eller send mig en besked.<\/p>\n<p>Privat er jeg gift med Anne Marie og sammen har vi tre b\u00f8rn alle bosat i \u00c5rhus.<\/p>\n<p><strong data-rich-text-format-boundary=\"true\">Erfaring:<\/strong><\/p>\n<ul>\n<li><strong>Stillinger: <\/strong>Chief Financial Officer; Operations Manager; Business Controlling.\u200b<\/li>\n<li><strong>Anciennitet: <\/strong>+30 \u00e5rs erhvervserfaring; +5 \u00e5rs erfaring med drift af virksomhed i Tyskland.\u200b<\/li>\n<li><strong>Eksempler p\u00e5 arbejdsomr\u00e5der: <\/strong>Virksomhedsetablering i Danmark og Tyskland;\u00a0\u00d8konomi- og produktionsstyring med strategisk og\u00a0forretningsm\u00e6ssigudvikling af flere forskellige\u00a0virksomhedsomr\u00e5der.<\/li>\n<\/ul>\n\n\n<figure class=\"wp-block-image size-large is-resized\"><img loading=\"lazy\" decoding=\"async\" width=\"1024\" height=\"683\" src=\"https:\/\/christiansenconsulting.dk\/wp-content\/uploads\/2021\/01\/RC3A4562-1024x683.jpg\" alt=\"\" class=\"wp-image-22\" style=\"width:306px;height:204px\" srcset=\"https:\/\/christiansenconsulting.dk\/wp-content\/uploads\/2021\/01\/RC3A4562-1024x683.jpg 1024w, https:\/\/christiansenconsulting.dk\/wp-content\/uploads\/2021\/01\/RC3A4562-300x200.jpg 300w, https:\/\/christiansenconsulting.dk\/wp-content\/uploads\/2021\/01\/RC3A4562-768x512.jpg 768w, https:\/\/christiansenconsulting.dk\/wp-content\/uploads\/2021\/01\/RC3A4562-1536x1024.jpg 1536w, https:\/\/christiansenconsulting.dk\/wp-content\/uploads\/2021\/01\/RC3A4562-2048x1365.jpg 2048w\" sizes=\"(max-width: 1024px) 100vw, 1024px\" \/><\/figure>\n\n\n\n<p><\/p>\n\n\n\n<p><\/p>\n","protected":false},"excerpt":{"rendered":"<p>Mit navn er Johan P. Christiansen. Jeg er s\u00f8nderjyde og kommer fra Aabenraa. Jeg har efter over 30 \u00e5r som l\u00f8nmodtager valgt at starte som selvst\u00e6ndig. Jeg har tidligere v\u00e6ret \u00f8konomichef i TDC, CFO i YouSee Flensborg og Head of Business Controlling i DF Automotive, Flensborg. Jeg vil nu bruge mine erfaringer inden for drift, &hellip;<\/p>\n<p class=\"read-more\"> <a class=\"\" href=\"https:\/\/christiansenconsulting.dk\/?page_id=422\"> <span class=\"screen-reader-text\">Om Johan<\/span> L\u00e6s mere &raquo;<\/a><\/p>\n","protected":false},"author":1,"featured_media":0,"parent":21,"menu_order":0,"comment_status":"closed","ping_status":"closed","template":"","meta":{"footnotes":""},"class_list":["post-422","page","type-page","status-publish","hentry"],"_links":{"self":[{"href":"https:\/\/christiansenconsulting.dk\/index.php?rest_route=\/wp\/v2\/pages\/422"}],"collection":[{"href":"https:\/\/christiansenconsulting.dk\/index.php?rest_route=\/wp\/v2\/pages"}],"about":[{"href":"https:\/\/christiansenconsulting.dk\/index.php?rest_route=\/wp\/v2\/types\/page"}],"author":[{"embeddable":true,"href":"https:\/\/christiansenconsulting.dk\/index.php?rest_route=\/wp\/v2\/users\/1"}],"replies":[{"embeddable":true,"href":"https:\/\/christiansenconsulting.dk\/index.php?rest_route=%2Fwp%2Fv2%2Fcomments&post=422"}],"version-history":[{"count":7,"href":"https:\/\/christiansenconsulting.dk\/index.php?rest_route=\/wp\/v2\/pages\/422\/revisions"}],"predecessor-version":[{"id":548,"href":"https:\/\/christiansenconsulting.dk\/index.php?rest_route=\/wp\/v2\/pages\/422\/revisions\/548"}],"up":[{"embeddable":true,"href":"https:\/\/christiansenconsulting.dk\/index.php?rest_route=\/wp\/v2\/pages\/21"}],"wp:attachment":[{"href":"https:\/\/christiansenconsulting.dk\/index.php?rest_route=%2Fwp%2Fv2%2Fmedia&parent=422"}],"curies":[{"name":"wp","href":"https:\/\/api.w.org\/{rel}","templated":true}]}}