{"id":424,"date":"2021-04-03T07:02:26","date_gmt":"2021-04-03T07:02:26","guid":{"rendered":"https:\/\/christiansenconsulting.dk\/?page_id=424"},"modified":"2022-01-26T15:02:41","modified_gmt":"2022-01-26T15:02:41","slug":"om-christiansen-consulting","status":"publish","type":"page","link":"https:\/\/christiansenconsulting.dk\/?page_id=424","title":{"rendered":"Om Christiansen Consulting"},"content":{"rendered":"<p><span data-contrast=\"auto\"><strong>Johans opstart:<\/strong><br>\nDa jeg gik med overvejelser om at blive selvst\u00e6ndig, havde jeg brug for at f\u00e5 mine tanker og id\u00e9er struktureret. <\/span><span data-contrast=\"auto\">Samtidig<\/span><span data-contrast=\"auto\"> ville jeg <\/span><span data-contrast=\"auto\">gerne blive skarp p\u00e5, hvad jeg ville tilbyde, og hvordan jeg skulle angribe en forretningsid\u00e9.<\/span><span data-contrast=\"auto\">&nbsp;<\/span><span data-ccp-props=\"{&quot;201341983&quot;:0,&quot;335559739&quot;:160,&quot;335559740&quot;:259}\">&nbsp;<\/span><\/p>\n<p><span data-contrast=\"auto\">Jeg ville v\u00e6k fra de hjemlige omgivelser og tog i sommerhus p\u00e5 Fan\u00f8. Jeg havde en rulle brownpaper med og masser af tusser i forskellige farver. Jeg rullede et 2 meter langt stykke brownpaper ud og begyndte at dele mine tanker op i kategorier:<\/span><span data-ccp-props=\"{&quot;201341983&quot;:0,&quot;335559739&quot;:160,&quot;335559740&quot;:259}\">&nbsp;<\/span><\/p>\n<ul>\n<li data-leveltext=\"\uf0b7\" data-font=\"Symbol\" data-listid=\"13\" aria-setsize=\"-1\" data-aria-posinset=\"1\" data-aria-level=\"1\"><span data-contrast=\"auto\">Hvad kan jeg tilbyde\/hvad har jeg af kompetencer?<\/span><\/li>\n<li data-leveltext=\"\uf0b7\" data-font=\"Symbol\" data-listid=\"13\" aria-setsize=\"-1\" data-aria-posinset=\"2\" data-aria-level=\"1\"><span data-contrast=\"auto\">Hvad f\u00e5r kunden ud af mine ydelser?<\/span><\/li>\n<li data-leveltext=\"\uf0b7\" data-font=\"Symbol\" data-listid=\"13\" aria-setsize=\"-1\" data-aria-posinset=\"3\" data-aria-level=\"1\"><span data-contrast=\"auto\">Hvilke muligheder\/netv\u00e6rk har jeg, som jeg kan g\u00f8re brug af?<\/span><\/li>\n<li data-leveltext=\"\uf0b7\" data-font=\"Symbol\" data-listid=\"13\" aria-setsize=\"-1\" data-aria-posinset=\"3\" data-aria-level=\"1\"><span data-contrast=\"auto\">Hvordan skal jeg markedsf\u00f8re mig?<\/span><\/li>\n<li data-leveltext=\"\uf0b7\" data-font=\"Symbol\" data-listid=\"13\" aria-setsize=\"-1\" data-aria-posinset=\"3\" data-aria-level=\"1\"><span data-contrast=\"auto\">Hvad har jeg af svagheder, som jeg skal v\u00e6re opm\u00e6rksom p\u00e5?<\/span><span data-ccp-props=\"{&quot;134233279&quot;:true,&quot;201341983&quot;:0,&quot;335559739&quot;:160,&quot;335559740&quot;:259}\">&nbsp;<\/span><\/li>\n<li data-leveltext=\"\uf0b7\" data-font=\"Symbol\" data-listid=\"13\" aria-setsize=\"-1\" data-aria-posinset=\"3\" data-aria-level=\"1\"><span data-contrast=\"auto\">Hvilke trusler st\u00e5r jeg over for?<\/span><\/li>\n<\/ul>\n<p><span data-contrast=\"auto\">Herefter gik jeg i gang<\/span><span data-contrast=\"auto\"> med<\/span><span data-contrast=\"auto\"> at udfylde de forskellige emner. Jeg gik til og fra og kom l\u00f8bende med nye input og ideer, som blev diskuteret og dr\u00f8ftet med min hustru.<\/span><span data-ccp-props=\"{&quot;201341983&quot;:0,&quot;335559739&quot;:160,&quot;335559740&quot;:259}\">&nbsp;<\/span><\/p>\n<p><span data-contrast=\"auto\">Min forretningsplan p\u00e5 brownpaper <\/span><span data-contrast=\"auto\">blev start<\/span><span data-contrast=\"auto\">skuddet til at udvikle en forretningsmodel og&nbsp;<\/span><span data-contrast=\"auto\">til at<\/span><span data-contrast=\"auto\">&nbsp;<\/span><span data-contrast=\"auto\">udf\u00e6rdige&nbsp;<\/span><span data-contrast=\"auto\">en liste over,<\/span><span data-contrast=\"auto\">&nbsp;hv<\/span><span data-contrast=\"auto\">ad jeg skulle <\/span><span data-contrast=\"auto\">i gang med som det f\u00f8rste. Dette blev begyndelsen til at <\/span><span data-contrast=\"auto\">udarbejde en forretningsstrategi for virksomheden Christiansen Consulting.<\/span><span data-ccp-props=\"{&quot;201341983&quot;:0,&quot;335559739&quot;:160,&quot;335559740&quot;:259}\">&nbsp;<\/span><\/p>\n<p><span data-contrast=\"auto\">Da <\/span><span data-contrast=\"auto\">ovenn\u00e6vnte var gennemarbejdet, <\/span><span data-contrast=\"auto\">udarbejdede jeg en <\/span><span data-contrast=\"auto\">forretningsplan, der ogs\u00e5 indeholdte budgetter og finansiering mm.&nbsp; <\/span><\/p>\n<p><b><span data-contrast=\"auto\">Til dig der overvejer at blive selvst\u00e6ndig:<br>\n<\/span><\/b><span data-contrast=\"auto\">G\u00e5r du ogs\u00e5 med tanker<\/span><span data-contrast=\"auto\">&nbsp;<\/span><span data-contrast=\"auto\">om at blive selvst\u00e6ndig, kan du<\/span><span data-contrast=\"auto\">&nbsp;g\u00f8re brug<\/span><span data-contrast=\"auto\">&nbsp;af<\/span><span data-contrast=\"auto\"> ovenst\u00e5ende \u00f8velse til at <\/span><span data-contrast=\"auto\">f\u00e5 din&nbsp;<\/span><span data-contrast=\"auto\">forretningsplan beskrevet og konkretiseret.<\/span><span data-contrast=\"auto\">&nbsp;E<\/span><span data-contrast=\"auto\">n plan&nbsp;<\/span><span data-contrast=\"auto\">skal v\u00e6re&nbsp;<\/span><span data-contrast=\"auto\">simpel og konkret.<\/span><\/p>\n<p><span data-contrast=\"auto\">Jeg har i min virksomhed haft succes med strategien og har i perioden siden start haft en kundetilgang, der svarer \u00e9n ny kunde pr. uge \u2013 ganske impo<\/span><span data-contrast=\"auto\">nerende<\/span><span data-contrast=\"auto\"> synes jeg selv. <\/span><span data-contrast=\"auto\">N\u00e5r et stykke arbejde for en kunde er f\u00e6rdiggjort,<\/span><span data-contrast=\"auto\"> sp\u00f8rges <\/span><span data-contrast=\"auto\">kunden, hvor tilfreds vedkommende er med Christiansen Consulting, og her har jeg f\u00e5et s\u00e6rdeles god feedback \u2013 l\u00e6s mere <a href=\"https:\/\/christiansenconsulting.dk\/?page_id=39\">her<\/a>.<\/span><\/p>\n\n\n<p> <\/p>\n","protected":false},"excerpt":{"rendered":"<p>Johans opstart: Da jeg gik med overvejelser om at blive selvst\u00e6ndig, havde jeg brug for at f\u00e5 mine tanker og id\u00e9er struktureret. Samtidig ville jeg gerne blive skarp p\u00e5, hvad jeg ville tilbyde, og hvordan jeg skulle angribe en forretningsid\u00e9.&nbsp;&nbsp; Jeg ville v\u00e6k fra de hjemlige omgivelser og tog i sommerhus p\u00e5 Fan\u00f8. Jeg havde &hellip;<\/p>\n<p class=\"read-more\"> <a class=\"\" href=\"https:\/\/christiansenconsulting.dk\/?page_id=424\"> <span class=\"screen-reader-text\">Om Christiansen Consulting<\/span> L\u00e6s mere &raquo;<\/a><\/p>\n","protected":false},"author":1,"featured_media":0,"parent":21,"menu_order":2,"comment_status":"closed","ping_status":"closed","template":"","meta":{"footnotes":""},"class_list":["post-424","page","type-page","status-publish","hentry"],"_links":{"self":[{"href":"https:\/\/christiansenconsulting.dk\/index.php?rest_route=\/wp\/v2\/pages\/424"}],"collection":[{"href":"https:\/\/christiansenconsulting.dk\/index.php?rest_route=\/wp\/v2\/pages"}],"about":[{"href":"https:\/\/christiansenconsulting.dk\/index.php?rest_route=\/wp\/v2\/types\/page"}],"author":[{"embeddable":true,"href":"https:\/\/christiansenconsulting.dk\/index.php?rest_route=\/wp\/v2\/users\/1"}],"replies":[{"embeddable":true,"href":"https:\/\/christiansenconsulting.dk\/index.php?rest_route=%2Fwp%2Fv2%2Fcomments&post=424"}],"version-history":[{"count":11,"href":"https:\/\/christiansenconsulting.dk\/index.php?rest_route=\/wp\/v2\/pages\/424\/revisions"}],"predecessor-version":[{"id":534,"href":"https:\/\/christiansenconsulting.dk\/index.php?rest_route=\/wp\/v2\/pages\/424\/revisions\/534"}],"up":[{"embeddable":true,"href":"https:\/\/christiansenconsulting.dk\/index.php?rest_route=\/wp\/v2\/pages\/21"}],"wp:attachment":[{"href":"https:\/\/christiansenconsulting.dk\/index.php?rest_route=%2Fwp%2Fv2%2Fmedia&parent=424"}],"curies":[{"name":"wp","href":"https:\/\/api.w.org\/{rel}","templated":true}]}}