{"id":44,"date":"2021-01-01T14:47:14","date_gmt":"2021-01-01T14:47:14","guid":{"rendered":"https:\/\/christiansenconsulting.dk\/?page_id=44"},"modified":"2024-01-08T07:42:12","modified_gmt":"2024-01-08T07:42:12","slug":"kontakt","status":"publish","type":"page","link":"https:\/\/christiansenconsulting.dk\/?page_id=44","title":{"rendered":"Kontakt"},"content":{"rendered":"\n<p>Hvis du har sp\u00f8rgsm\u00e5l eller \u00f8nsker et uforpligtende tilbud, er du altid velkommen til at kontakte os p\u00e5 tlf. eller e-mail:<br><strong>Telefon: <\/strong>29 41 15 10<br><strong>E-mail:<\/strong> c-consulting@c.dk<\/p>\n\n\n\n<p><\/p>\n","protected":false},"excerpt":{"rendered":"<p>Hvis du har sp\u00f8rgsm\u00e5l eller \u00f8nsker et uforpligtende tilbud, er du altid velkommen til at kontakte os p\u00e5 tlf. eller e-mail:Telefon: 29 41 15 10E-mail: c-consulting@c.dk<\/p>\n","protected":false},"author":1,"featured_media":0,"parent":0,"menu_order":12,"comment_status":"closed","ping_status":"closed","template":"","meta":{"footnotes":""},"class_list":["post-44","page","type-page","status-publish","hentry"],"_links":{"self":[{"href":"https:\/\/christiansenconsulting.dk\/index.php?rest_route=\/wp\/v2\/pages\/44"}],"collection":[{"href":"https:\/\/christiansenconsulting.dk\/index.php?rest_route=\/wp\/v2\/pages"}],"about":[{"href":"https:\/\/christiansenconsulting.dk\/index.php?rest_route=\/wp\/v2\/types\/page"}],"author":[{"embeddable":true,"href":"https:\/\/christiansenconsulting.dk\/index.php?rest_route=\/wp\/v2\/users\/1"}],"replies":[{"embeddable":true,"href":"https:\/\/christiansenconsulting.dk\/index.php?rest_route=%2Fwp%2Fv2%2Fcomments&post=44"}],"version-history":[{"count":11,"href":"https:\/\/christiansenconsulting.dk\/index.php?rest_route=\/wp\/v2\/pages\/44\/revisions"}],"predecessor-version":[{"id":555,"href":"https:\/\/christiansenconsulting.dk\/index.php?rest_route=\/wp\/v2\/pages\/44\/revisions\/555"}],"wp:attachment":[{"href":"https:\/\/christiansenconsulting.dk\/index.php?rest_route=%2Fwp%2Fv2%2Fmedia&parent=44"}],"curies":[{"name":"wp","href":"https:\/\/api.w.org\/{rel}","templated":true}]}}