{"id":85,"date":"2021-01-01T16:50:20","date_gmt":"2021-01-01T16:50:20","guid":{"rendered":"https:\/\/christiansenconsulting.dk\/?page_id=85"},"modified":"2022-01-26T14:54:28","modified_gmt":"2022-01-26T14:54:28","slug":"basal-drift","status":"publish","type":"page","link":"https:\/\/christiansenconsulting.dk\/?page_id=85","title":{"rendered":"Basal drift"},"content":{"rendered":"<p><strong>Basale \u00f8konomi\/bogholderiopgaver til fast m\u00e5nedlig ydelse:<br \/><\/strong>Har du behov for hj\u00e6lp til at holde styr p\u00e5 \u00f8konomien i din virksomhed (bogf\u00f8ring, fakturer, l\u00f8n, regnskab, moms m.m.), s\u00e5 tilbyder vi dette til en m\u00e5nedlig fast ydelse, s\u00e5 du n\u00f8jagtig kender din omkostning til den type af opgaver. Er du en nystartet virksomhed, s\u00e5 hj\u00e6lper vi ogs\u00e5 gerne med oprettelse af virksomhed, \u00e6ndring af din forskudskat, CVR nr., bogf\u00f8ringssystemer og de forhold du ellers skal v\u00e6re opm\u00e6rksom p\u00e5. Vi tilbyder opstartspakker, som netop er tilpasset dig og din virksomhed, s\u00e5 du ved, hvilke omkostninger der er forbundet med opstart af virksomhed.<\/p>\n<p><strong>Hj\u00e6lp til faste administrative arbejdsopgaver og derved skabe mere tid til salg og forretningsudvikling:<br \/><\/strong>Som virksomhedsejer har du sikkert dine kompetencer inden for salg af de produkter\/ydelser du tilbyder samt forholdet til dine kunder. Ved at lade Christiansen Consulting overtage dele af dine administrative opgaver, skabes der mere tid til, at du kan have fokus p\u00e5 dine kunder og skabe oms\u00e6tning til virksomheden. Lad os styre \u00f8konomien i din virksomhed og du har fokus p\u00e5 forretning og kunderne.<\/p>\n<p>Det at have med \u00f8konomi og regnskab at g\u00f8re kan ofte v\u00e6re et \u201dadministrativt b\u00f8vl\u201d for mindre virksomheder, der mest af alt har fokus p\u00e5 salg, produkter og kunder. Derfor tilbyder vi \u00a0hj\u00e6lp med alt det administrative omkring \u00f8konomi og bogf\u00f8ring s\u00e5ledes, at du kan f\u00f8lge dig tryg og ikke have det administrative arbejde h\u00e6ngende over hovedet. Det er altid vigtigt, at virksomheden \u00f8konomi er opdateret \u2013 s\u00e6rligt hvis banker el. lign. \u00f8nsker en opdatering af hvor virksomheden st\u00e5r f.eks. i forbindelse med kreditter eller l\u00e5n til at k\u00f8be driftsmidler til virksomheden. Jo bedre du som virksomhed er forberedt og har styr p\u00e5 \u00f8konomien, jo bedre vil du st\u00e5 over for banken, n\u00e5r du har m\u00f8der med dine finansielle r\u00e5dgivere.<\/p>\n<p><strong>Fleksibel arbejdskraft tilpasset virksomhedens behov:<br \/><\/strong>Ved at lade Christiansen Consulting udf\u00f8re din virksomheds \u00f8konomi og bogholderiopgaver har du mulighed for at g\u00f8re omkostningen fleksibel. Du betaler kun for ydelser, n\u00e5r du har behovet \u2013 det kan v\u00e6re for korte eller l\u00e6ngere perioder. Dermed kan du skalere op og ned i timeforbruget, som det nu passer ind i din virksomhed.<\/p>\n\n\n<p><\/p>\n","protected":false},"excerpt":{"rendered":"<p>Basale \u00f8konomi\/bogholderiopgaver til fast m\u00e5nedlig ydelse:Har du behov for hj\u00e6lp til at holde styr p\u00e5 \u00f8konomien i din virksomhed (bogf\u00f8ring, fakturer, l\u00f8n, regnskab, moms m.m.), s\u00e5 tilbyder vi dette til en m\u00e5nedlig fast ydelse, s\u00e5 du n\u00f8jagtig kender din omkostning til den type af opgaver. Er du en nystartet virksomhed, s\u00e5 hj\u00e6lper vi ogs\u00e5 gerne &hellip;<\/p>\n<p class=\"read-more\"> <a class=\"\" href=\"https:\/\/christiansenconsulting.dk\/?page_id=85\"> <span class=\"screen-reader-text\">Basal drift<\/span> L\u00e6s mere &raquo;<\/a><\/p>\n","protected":false},"author":1,"featured_media":0,"parent":37,"menu_order":0,"comment_status":"closed","ping_status":"closed","template":"","meta":{"footnotes":""},"class_list":["post-85","page","type-page","status-publish","hentry"],"_links":{"self":[{"href":"https:\/\/christiansenconsulting.dk\/index.php?rest_route=\/wp\/v2\/pages\/85"}],"collection":[{"href":"https:\/\/christiansenconsulting.dk\/index.php?rest_route=\/wp\/v2\/pages"}],"about":[{"href":"https:\/\/christiansenconsulting.dk\/index.php?rest_route=\/wp\/v2\/types\/page"}],"author":[{"embeddable":true,"href":"https:\/\/christiansenconsulting.dk\/index.php?rest_route=\/wp\/v2\/users\/1"}],"replies":[{"embeddable":true,"href":"https:\/\/christiansenconsulting.dk\/index.php?rest_route=%2Fwp%2Fv2%2Fcomments&post=85"}],"version-history":[{"count":15,"href":"https:\/\/christiansenconsulting.dk\/index.php?rest_route=\/wp\/v2\/pages\/85\/revisions"}],"predecessor-version":[{"id":521,"href":"https:\/\/christiansenconsulting.dk\/index.php?rest_route=\/wp\/v2\/pages\/85\/revisions\/521"}],"up":[{"embeddable":true,"href":"https:\/\/christiansenconsulting.dk\/index.php?rest_route=\/wp\/v2\/pages\/37"}],"wp:attachment":[{"href":"https:\/\/christiansenconsulting.dk\/index.php?rest_route=%2Fwp%2Fv2%2Fmedia&parent=85"}],"curies":[{"name":"wp","href":"https:\/\/api.w.org\/{rel}","templated":true}]}}