{"id":87,"date":"2021-01-01T16:51:15","date_gmt":"2021-01-01T16:51:15","guid":{"rendered":"https:\/\/christiansenconsulting.dk\/?page_id=87"},"modified":"2022-01-26T14:55:14","modified_gmt":"2022-01-26T14:55:14","slug":"ledelse","status":"publish","type":"page","link":"https:\/\/christiansenconsulting.dk\/?page_id=87","title":{"rendered":"Ledelse"},"content":{"rendered":"<p><strong>Turnaround af virksomhed for at finde nye veje og muligheder:<br \/><\/strong>Turnaround kan v\u00e6re en del af strategiplanen. Har du behov for, at din virksomhed bliver gennemanalyseret for at finde nye veje og muligheder? Her vil alle sten i virksomheden blive vendt, og din virksomhed vil gennemg\u00e5 en forvandlingsproces, hvor medarbejder, ledere, ejer, kunder mm. vil blive involveret. Denne proces vil vi kunne hj\u00e6lpe med, og vi har mange \u00e5rs erfaring med at gennemf\u00f8re forandringer i virksomheder.<\/p>\n<p><strong>Udvikling af medarbejdere p\u00e5 b\u00e5de bl\u00f8de og h\u00e5rde v\u00e6rdier:<br \/><\/strong>Vi afholder m\u00f8der og samtaler med medarbejdere for at tage \u201ctemperaturen\u201d p\u00e5 virksomheden og give v\u00e6rdifuld feedback. N\u00e5r strategiplanen er udarbejder, er det vigtigt, at s\u00e6tte m\u00e5l for at f\u00f8lge op p\u00e5 om virksomheden f\u00f8lger den lagte strategi. Her kan der b\u00e5de v\u00e6re bl\u00f8de v\u00e6rdier (medarbejder- og kundetilfredshed, virksomhedens omd\u00f8mme, kvalitet etc. ) og h\u00e5rde v\u00e6rdier (\u00f8konomisk resultat, oms\u00e6tningsudvikling, antal kunder, markedsandele o. lign.).\u00a0 Det er altafg\u00f8rende, at v\u00e6rdier er m\u00e5lbare, realistiske og udfordrende, samt at de g\u00e5r h\u00e5nd i hanke med det, virksomheden \u00f8nsker at opn\u00e5.<\/p>\n<p><strong>Oms\u00e6tning af ord til handling s\u00e5 alle arbejder mod samme m\u00e5l:<br \/><\/strong>En afg\u00f8rende faktor er at kunne oms\u00e6tte ord til handling. Dette betyder, at de virksomhedsplaner mm. der udarbejdes skal kunne oms\u00e6tte til handlinger i hverdagen for den enkelte medarbejdere s\u00e5ledes, at virksomheden n\u00e5r de fastsatte m\u00e5l. Vi kan bidrage til, at processen bliver gennemf\u00f8rt gennem l\u00f8bende opf\u00f8lgning og sparring med virksomheden.<\/p>\n\n\n<p><\/p>\n","protected":false},"excerpt":{"rendered":"<p>Turnaround af virksomhed for at finde nye veje og muligheder:Turnaround kan v\u00e6re en del af strategiplanen. Har du behov for, at din virksomhed bliver gennemanalyseret for at finde nye veje og muligheder? Her vil alle sten i virksomheden blive vendt, og din virksomhed vil gennemg\u00e5 en forvandlingsproces, hvor medarbejder, ledere, ejer, kunder mm. vil blive &hellip;<\/p>\n<p class=\"read-more\"> <a class=\"\" href=\"https:\/\/christiansenconsulting.dk\/?page_id=87\"> <span class=\"screen-reader-text\">Ledelse<\/span> L\u00e6s mere &raquo;<\/a><\/p>\n","protected":false},"author":1,"featured_media":0,"parent":37,"menu_order":0,"comment_status":"closed","ping_status":"closed","template":"","meta":{"footnotes":""},"class_list":["post-87","page","type-page","status-publish","hentry"],"_links":{"self":[{"href":"https:\/\/christiansenconsulting.dk\/index.php?rest_route=\/wp\/v2\/pages\/87"}],"collection":[{"href":"https:\/\/christiansenconsulting.dk\/index.php?rest_route=\/wp\/v2\/pages"}],"about":[{"href":"https:\/\/christiansenconsulting.dk\/index.php?rest_route=\/wp\/v2\/types\/page"}],"author":[{"embeddable":true,"href":"https:\/\/christiansenconsulting.dk\/index.php?rest_route=\/wp\/v2\/users\/1"}],"replies":[{"embeddable":true,"href":"https:\/\/christiansenconsulting.dk\/index.php?rest_route=%2Fwp%2Fv2%2Fcomments&post=87"}],"version-history":[{"count":8,"href":"https:\/\/christiansenconsulting.dk\/index.php?rest_route=\/wp\/v2\/pages\/87\/revisions"}],"predecessor-version":[{"id":522,"href":"https:\/\/christiansenconsulting.dk\/index.php?rest_route=\/wp\/v2\/pages\/87\/revisions\/522"}],"up":[{"embeddable":true,"href":"https:\/\/christiansenconsulting.dk\/index.php?rest_route=\/wp\/v2\/pages\/37"}],"wp:attachment":[{"href":"https:\/\/christiansenconsulting.dk\/index.php?rest_route=%2Fwp%2Fv2%2Fmedia&parent=87"}],"curies":[{"name":"wp","href":"https:\/\/api.w.org\/{rel}","templated":true}]}}