{"id":89,"date":"2021-01-01T16:51:29","date_gmt":"2021-01-01T16:51:29","guid":{"rendered":"https:\/\/christiansenconsulting.dk\/?page_id=89"},"modified":"2022-01-26T14:56:57","modified_gmt":"2022-01-26T14:56:57","slug":"strategi","status":"publish","type":"page","link":"https:\/\/christiansenconsulting.dk\/?page_id=89","title":{"rendered":"Strategi"},"content":{"rendered":"<p><strong>Planl\u00e6gning af strategi der er struktureret, gennemsigtig og praktisk:<br \/><\/strong>St\u00e5r du eller din virksomhed et sted, hvor du ikke ved, hvordan du skal komme videre, eller hvordan udvikling af virksomheden skal angribes? I s\u00e5 fald kan vi hj\u00e6lpe dig med at udarbejde en strategiplan for din virksomhed. En strategiplan tager udgangspunkt i, hvor din virksomhed st\u00e5r i dag (\u00f8konomi, kunder, marked, st\u00e6rke og svage sider mm.). Strategiplanen vil blive gennemarbejdet struktureret og gennemsigtig og vil v\u00e6re konkret samt praktisk at gennemf\u00f8re. Vi sikrer, at vi kommer hele vejen rundt i din virksomhed ved en 360 graders analyse. Vi bist\u00e5r i udviklingen af den strategiske retning ved\u00a0adf\u00e6rds\u00e6ndring, opm\u00e6rksomhed p\u00e5 behov for\u00a0kompetenceudvikling og andre relevante analyser\u200b<\/p>\n<p><strong>Udvikling af forretningsomr\u00e5der p\u00e5 baggrund af en analyse af virksomhedens udfordringer:<\/strong><br \/>Vi har gennem mere end 30 \u00e5r bidraget aktivt til udvikling af forretning eller forretningsomr\u00e5der i vores erhvervskarriere. Vi arbejder struktureret og s\u00e6tter os grundigt ind i virksomheden for derved at skabe et overblik over virksomhedens udfordringer. Vi har god erfaring med at indsamle viden fra medarbejder, ledere og ledelsen som samlet skaber overblik over de muligheder, der er for at udvikle en best\u00e5ende forretning. Har du brug for hj\u00e6lp hertil, kommer vi gerne med et opl\u00e6g, n\u00e5r vi har haft et m\u00f8de og en indledende behovsafd\u00e6kning. M\u00f8det og behovsafd\u00e6kning og et tilbud p\u00e5 opgave er uden afregning og uforpligtende for din virksomhed.<\/p>\n<p><strong>Udvikling af struktur og organisatorisk overblik i virksomheden:<\/strong><br \/>Vi har gennem mere end 30 \u00e5r bidraget aktivt til udvikling af forretning eller forretningsomr\u00e5der i vores erhvervskarriere. Vi arbejder struktureret og s\u00e6tter os grundigt ind i virksomheden for derved at skabe et overblik over virksomhedens udfordringer. Vi har god erfaring med at indsamle viden fra medarbejder, ledere og ledelsen som samlet skaber overblik over de muligheder, der er for at udvikle en best\u00e5ende forretning. Har du brug for hj\u00e6lp hertil, kommer vi gerne med et opl\u00e6g, n\u00e5r vi har haft et m\u00f8de og en indledende behovsafd\u00e6kning. M\u00f8det og behovsafd\u00e6kning og et tilbud p\u00e5 opgave er uden afregning og uforpligtende for din virksomhed.<\/p>\n\n\n<p><\/p>\n","protected":false},"excerpt":{"rendered":"<p>Planl\u00e6gning af strategi der er struktureret, gennemsigtig og praktisk:St\u00e5r du eller din virksomhed et sted, hvor du ikke ved, hvordan du skal komme videre, eller hvordan udvikling af virksomheden skal angribes? I s\u00e5 fald kan vi hj\u00e6lpe dig med at udarbejde en strategiplan for din virksomhed. En strategiplan tager udgangspunkt i, hvor din virksomhed st\u00e5r &hellip;<\/p>\n<p class=\"read-more\"> <a class=\"\" href=\"https:\/\/christiansenconsulting.dk\/?page_id=89\"> <span class=\"screen-reader-text\">Strategi<\/span> L\u00e6s mere &raquo;<\/a><\/p>\n","protected":false},"author":1,"featured_media":0,"parent":37,"menu_order":0,"comment_status":"closed","ping_status":"closed","template":"","meta":{"footnotes":""},"class_list":["post-89","page","type-page","status-publish","hentry"],"_links":{"self":[{"href":"https:\/\/christiansenconsulting.dk\/index.php?rest_route=\/wp\/v2\/pages\/89"}],"collection":[{"href":"https:\/\/christiansenconsulting.dk\/index.php?rest_route=\/wp\/v2\/pages"}],"about":[{"href":"https:\/\/christiansenconsulting.dk\/index.php?rest_route=\/wp\/v2\/types\/page"}],"author":[{"embeddable":true,"href":"https:\/\/christiansenconsulting.dk\/index.php?rest_route=\/wp\/v2\/users\/1"}],"replies":[{"embeddable":true,"href":"https:\/\/christiansenconsulting.dk\/index.php?rest_route=%2Fwp%2Fv2%2Fcomments&post=89"}],"version-history":[{"count":10,"href":"https:\/\/christiansenconsulting.dk\/index.php?rest_route=\/wp\/v2\/pages\/89\/revisions"}],"predecessor-version":[{"id":526,"href":"https:\/\/christiansenconsulting.dk\/index.php?rest_route=\/wp\/v2\/pages\/89\/revisions\/526"}],"up":[{"embeddable":true,"href":"https:\/\/christiansenconsulting.dk\/index.php?rest_route=\/wp\/v2\/pages\/37"}],"wp:attachment":[{"href":"https:\/\/christiansenconsulting.dk\/index.php?rest_route=%2Fwp%2Fv2%2Fmedia&parent=89"}],"curies":[{"name":"wp","href":"https:\/\/api.w.org\/{rel}","templated":true}]}}