{"id":91,"date":"2021-01-01T16:51:46","date_gmt":"2021-01-01T16:51:46","guid":{"rendered":"https:\/\/christiansenconsulting.dk\/?page_id=91"},"modified":"2022-01-26T14:56:16","modified_gmt":"2022-01-26T14:56:16","slug":"sparringspartner","status":"publish","type":"page","link":"https:\/\/christiansenconsulting.dk\/?page_id=91","title":{"rendered":"Sparring"},"content":{"rendered":"<p><strong>Sparring der sikrer udnyttelse af alle ressourcer og derved l\u00f8fter din virksomhed:<\/strong><br \/>Med os som din sparringspartner f\u00e5r du en fortrolig uvildig sparringspartner. En sparringspartner, der sammen med dig, kan l\u00f8fte dine medarbejdere og dermed din virksomhed til nye h\u00f8jder. Vi yder sparring p\u00e5 flere omr\u00e5der som \u00f8konomi, salg, coaching og ledelse samt hvad der ellers m\u00e5tte v\u00e6re behov for.<\/p>\n<p><strong>Udarbejdelse af virksomheds- og rentabilitetsanalyser p\u00e5 detailniveau:<\/strong><br \/>Med udgangspunkt i de data der forefindes i virksomheden, vil vi kunne foretage en gennemgribende \u00f8konomisk analyse af virksomheden. Det kan v\u00e6re en rentabiliteseanalyse p\u00e5 segmentniveau (kunde\/produkt\/markeder). En s\u00e5dan virksomhedsanalyse vil kunne danne baggrund for de videre beslutninger i virksomheden for at \u00f8ge indtjening, kunde- eller medarbejdertilfredsheden. Med baggrund i vores +30 \u00e5rs erhvervserfaring har vi erfaret, at kundetilfredshed og medarbejdertilfredshed skaber \u00f8get v\u00e6kst til virksomheden.<\/p>\n<p><strong>R\u00e5dgivning der booster salget med kanvas og udvikler medarbejdere:<br \/><\/strong>Boost salget i din virksomhed og f\u00e5 dine r\u00e5dgivere og s\u00e6lgere til at holde af telefonkanvas.\u00a0 Overspringshandlingerne st\u00e5r ofte i k\u00f8, n\u00e5r opgaven hedder telefonkanvas. Med ganske enkle teknikker kan r\u00e5dgivere og s\u00e6lgere komme til at holde af telefonkanvas og blive god og rutineret i det. Telefonkanvas kr\u00e6ver nemlig struktur, planl\u00e6gning og teknikker.\u00a0<\/p>\n<p>En af Christiansen Consultings spidskompetencer er opl\u00e6ring i kanvas. En disciplin der er yderst vigtig for banker, forsikringsselskaber og andre virksomheder.\u00a0 Strukturen i forl\u00f8bet er:<\/p>\n<ol>\n<li>Forberedelse til telefonsamtalen<\/li>\n<li>Hvad siger vi under telefonsamtalen, herunder behandling af indvendinger<\/li>\n<li>Hvad g\u00f8r vi, n\u00e5r m\u00f8detidspunkt er aftalt, og hvad g\u00f8r vi efter telefonsamtalen?<\/li>\n<\/ol>\n<p>Christiansen Consulting kan hj\u00e6lpe din virksomhed med at g\u00f8re telefonkanvas sjovt. Du vil opleve, at dine r\u00e5dgivere og s\u00e6lgere f\u00e5r succes med telefonkanvas. \u00d8nsker du at optimere dit salg, kan vi hj\u00e6lpe med det ops\u00f8gende salg. Vi kan ogs\u00e5 bidrage med udvikling af dine medarbejdere til bedre at udnytte salgspotentialer.\u00a0<\/p>\n\n\n<p><\/p>\n","protected":false},"excerpt":{"rendered":"<p>Sparring der sikrer udnyttelse af alle ressourcer og derved l\u00f8fter din virksomhed:Med os som din sparringspartner f\u00e5r du en fortrolig uvildig sparringspartner. En sparringspartner, der sammen med dig, kan l\u00f8fte dine medarbejdere og dermed din virksomhed til nye h\u00f8jder. Vi yder sparring p\u00e5 flere omr\u00e5der som \u00f8konomi, salg, coaching og ledelse samt hvad der ellers &hellip;<\/p>\n<p class=\"read-more\"> <a class=\"\" href=\"https:\/\/christiansenconsulting.dk\/?page_id=91\"> <span class=\"screen-reader-text\">Sparring<\/span> L\u00e6s mere &raquo;<\/a><\/p>\n","protected":false},"author":1,"featured_media":0,"parent":37,"menu_order":0,"comment_status":"closed","ping_status":"closed","template":"","meta":{"footnotes":""},"class_list":["post-91","page","type-page","status-publish","hentry"],"_links":{"self":[{"href":"https:\/\/christiansenconsulting.dk\/index.php?rest_route=\/wp\/v2\/pages\/91"}],"collection":[{"href":"https:\/\/christiansenconsulting.dk\/index.php?rest_route=\/wp\/v2\/pages"}],"about":[{"href":"https:\/\/christiansenconsulting.dk\/index.php?rest_route=\/wp\/v2\/types\/page"}],"author":[{"embeddable":true,"href":"https:\/\/christiansenconsulting.dk\/index.php?rest_route=\/wp\/v2\/users\/1"}],"replies":[{"embeddable":true,"href":"https:\/\/christiansenconsulting.dk\/index.php?rest_route=%2Fwp%2Fv2%2Fcomments&post=91"}],"version-history":[{"count":14,"href":"https:\/\/christiansenconsulting.dk\/index.php?rest_route=\/wp\/v2\/pages\/91\/revisions"}],"predecessor-version":[{"id":524,"href":"https:\/\/christiansenconsulting.dk\/index.php?rest_route=\/wp\/v2\/pages\/91\/revisions\/524"}],"up":[{"embeddable":true,"href":"https:\/\/christiansenconsulting.dk\/index.php?rest_route=\/wp\/v2\/pages\/37"}],"wp:attachment":[{"href":"https:\/\/christiansenconsulting.dk\/index.php?rest_route=%2Fwp%2Fv2%2Fmedia&parent=91"}],"curies":[{"name":"wp","href":"https:\/\/api.w.org\/{rel}","templated":true}]}}